{"id":410,"date":"2022-11-12T22:09:48","date_gmt":"2022-11-12T21:09:48","guid":{"rendered":"https:\/\/on-the-spot.nl\/energiedoeners\/?page_id=410"},"modified":"2022-11-16T16:30:40","modified_gmt":"2022-11-16T15:30:40","slug":"spreker-arianne-van-der-wal","status":"publish","type":"page","link":"https:\/\/on-the-spot.nl\/energiedoeners\/spreker-arianne-van-der-wal\/","title":{"rendered":"Spreker Arianne van der Wal"},"content":{"rendered":"\t\t<div data-elementor-type=\"wp-page\" data-elementor-id=\"410\" class=\"elementor elementor-410\">\n\t\t\t\t\t\t\t\t\t<section class=\"elementor-section elementor-top-section elementor-element elementor-element-26d485e elementor-section-boxed elementor-section-height-default elementor-section-height-default\" data-id=\"26d485e\" data-element_type=\"section\">\n\t\t\t\t\t\t<div class=\"elementor-container elementor-column-gap-default\">\n\t\t\t\t\t<div class=\"elementor-column elementor-col-100 elementor-top-column elementor-element elementor-element-3d98aeb\" data-id=\"3d98aeb\" data-element_type=\"column\" data-settings=\"{&quot;background_background&quot;:&quot;classic&quot;}\">\n\t\t\t<div class=\"elementor-widget-wrap elementor-element-populated\">\n\t\t\t\t\t\t\t\t<div class=\"elementor-element elementor-element-577d16f elementor-widget elementor-widget-heading\" data-id=\"577d16f\" data-element_type=\"widget\" data-widget_type=\"heading.default\">\n\t\t\t\t<div class=\"elementor-widget-container\">\n\t\t\t<style>\/*! elementor - v3.8.1 - 13-11-2022 *\/\n.elementor-heading-title{padding:0;margin:0;line-height:1}.elementor-widget-heading .elementor-heading-title[class*=elementor-size-]>a{color:inherit;font-size:inherit;line-height:inherit}.elementor-widget-heading .elementor-heading-title.elementor-size-small{font-size:15px}.elementor-widget-heading .elementor-heading-title.elementor-size-medium{font-size:19px}.elementor-widget-heading .elementor-heading-title.elementor-size-large{font-size:29px}.elementor-widget-heading .elementor-heading-title.elementor-size-xl{font-size:39px}.elementor-widget-heading .elementor-heading-title.elementor-size-xxl{font-size:59px}<\/style><h1 class=\"elementor-heading-title elementor-size-default\">Keynote spreker Arianne van der Wal, onderzoeker TNO<\/h1>\t\t<\/div>\n\t\t\t\t<\/div>\n\t\t\t\t\t<\/div>\n\t\t<\/div>\n\t\t\t\t\t\t\t<\/div>\n\t\t<\/section>\n\t\t\t\t<section class=\"elementor-section elementor-top-section elementor-element elementor-element-29eac51 elementor-section-boxed elementor-section-height-default elementor-section-height-default\" data-id=\"29eac51\" data-element_type=\"section\" data-settings=\"{&quot;background_background&quot;:&quot;classic&quot;}\">\n\t\t\t\t\t\t<div class=\"elementor-container elementor-column-gap-default\">\n\t\t\t\t\t<div class=\"elementor-column elementor-col-100 elementor-top-column elementor-element elementor-element-c17d058\" data-id=\"c17d058\" data-element_type=\"column\" data-settings=\"{&quot;background_background&quot;:&quot;classic&quot;}\">\n\t\t\t<div class=\"elementor-widget-wrap elementor-element-populated\">\n\t\t\t\t\t\t\t\t<div class=\"elementor-element elementor-element-c9c0915 elementor-widget elementor-widget-image\" data-id=\"c9c0915\" data-element_type=\"widget\" data-widget_type=\"image.default\">\n\t\t\t\t<div class=\"elementor-widget-container\">\n\t\t\t<style>\/*! elementor - v3.8.1 - 13-11-2022 *\/\n.elementor-widget-image{text-align:center}.elementor-widget-image a{display:inline-block}.elementor-widget-image a img[src$=\".svg\"]{width:48px}.elementor-widget-image img{vertical-align:middle;display:inline-block}<\/style>\t\t\t\t\t\t\t\t\t\t\t\t<img loading=\"lazy\" decoding=\"async\" width=\"1200\" height=\"500\" src=\"https:\/\/on-the-spot.nl\/energiedoeners\/wp-content\/uploads\/2022\/11\/Energiedoeners-Arianne-van-der-Wal.jpg\" class=\"attachment-large size-large\" alt=\"Energiedoeners - Arianne van der Wal\" srcset=\"https:\/\/on-the-spot.nl\/energiedoeners\/wp-content\/uploads\/2022\/11\/Energiedoeners-Arianne-van-der-Wal.jpg 1200w, https:\/\/on-the-spot.nl\/energiedoeners\/wp-content\/uploads\/2022\/11\/Energiedoeners-Arianne-van-der-Wal-768x320.jpg 768w\" sizes=\"auto, (max-width: 1200px) 100vw, 1200px\" \/>\t\t\t\t\t\t\t\t\t\t\t\t\t\t\t<\/div>\n\t\t\t\t<\/div>\n\t\t\t\t\t<\/div>\n\t\t<\/div>\n\t\t\t\t\t\t\t<\/div>\n\t\t<\/section>\n\t\t\t\t<section class=\"elementor-section elementor-top-section elementor-element elementor-element-2c6b236 elementor-section-boxed elementor-section-height-default elementor-section-height-default\" data-id=\"2c6b236\" data-element_type=\"section\">\n\t\t\t\t\t\t<div class=\"elementor-container elementor-column-gap-default\">\n\t\t\t\t\t<div class=\"elementor-column elementor-col-100 elementor-top-column elementor-element elementor-element-6324261\" data-id=\"6324261\" data-element_type=\"column\" data-settings=\"{&quot;background_background&quot;:&quot;classic&quot;}\">\n\t\t\t<div class=\"elementor-widget-wrap elementor-element-populated\">\n\t\t\t\t\t\t\t\t<div class=\"elementor-element elementor-element-e7c42d9 elementor-widget elementor-widget-heading\" data-id=\"e7c42d9\" data-element_type=\"widget\" data-widget_type=\"heading.default\">\n\t\t\t\t<div class=\"elementor-widget-container\">\n\t\t\t<h2 class=\"elementor-heading-title elementor-size-default\">\u2018Wat helpt mensen in energiearmoede nu echt?\u2019<\/h2>\t\t<\/div>\n\t\t\t\t<\/div>\n\t\t\t\t<div class=\"elementor-element elementor-element-2ddaf7f elementor-widget elementor-widget-text-editor\" data-id=\"2ddaf7f\" data-element_type=\"widget\" data-widget_type=\"text-editor.default\">\n\t\t\t\t<div class=\"elementor-widget-container\">\n\t\t\t<style>\/*! elementor - v3.8.1 - 13-11-2022 *\/\n.elementor-widget-text-editor.elementor-drop-cap-view-stacked .elementor-drop-cap{background-color:#818a91;color:#fff}.elementor-widget-text-editor.elementor-drop-cap-view-framed .elementor-drop-cap{color:#818a91;border:3px solid;background-color:transparent}.elementor-widget-text-editor:not(.elementor-drop-cap-view-default) .elementor-drop-cap{margin-top:8px}.elementor-widget-text-editor:not(.elementor-drop-cap-view-default) .elementor-drop-cap-letter{width:1em;height:1em}.elementor-widget-text-editor .elementor-drop-cap{float:left;text-align:center;line-height:1;font-size:50px}.elementor-widget-text-editor .elementor-drop-cap-letter{display:inline-block}<\/style>\t\t\t\t<p><strong>TNO deed landelijk onderzoek naar energiearmoede, een thema dat speelt in steeds meer huishoudens. Daarnaast staat er nieuw, aanvullend onderzoek op stapel, naar de effectiviteit van beleid en uitvoering. Hieruit moet gaan blijken welke maatregelen mensen het beste helpen. Arianne van der Wal geeft een toelichting.<\/strong><\/p><p>\u201cEerst maar even de feiten op een rij over energiearmoede in Nederland: in 2019 leefden er zo\u2019n 650.000 huishoudens in Nederland in energiearmoede. Met de energierekening houden ze zich veelal niet bezig. Ze moeten overleven en dat levert deze huishoudens veel stress op. Ze zijn zich weinig bewust van wat ze zelf kunnen doen als het gaat om besparing of subsidies en kunnen niet investeren in nieuwe apparaten. We onderscheiden drie indicatoren als het gaat om energiearmoede: betaalbaarheid (laag inkomen en hoge energiekosten), huiskwaliteit (laag inkomen en huis met lage energiekwaliteit) en kunnen deelnemen aan de energietransitie (huis met lage energiekwaliteit en niet zelf kunnen verduurzamen).\u201d<\/p><p><strong>Bijstand en pensioen<\/strong><\/p><p>\u201cAls we kijken naar wie er te maken hebben met energiearmoede, steken de eenpersoonshuishoudens en met name eenouderhuishoudens er met kop en schouders bovenuit. Deze huishoudens geven maar liefst 13-20 procent van hun inkomen uit aan energie, terwijl het gemiddelde bij 5 procent ligt. Drie kwart van de huishoudens die in energiearmoede leven woont in een corporatiewoning, 40 procent leeft op bijstandsniveau en 40 procent leeft van een pensioen. Gelet op de indicatoren betaalbaarheid en huiskwaliteit, wonen de meeste huishoudens die in energiearmoede leven in het noorden van Nederland. Leiden doet het gemiddeld genomen goed, maar in sommige wijken waar relatief veel mensen met een laag inkomen wonen, liggen de percentages hoger.&#8217;<\/p>\t\t\t\t\t\t<\/div>\n\t\t\t\t<\/div>\n\t\t\t\t<div class=\"elementor-element elementor-element-9b9f171 elementor-widget elementor-widget-heading\" data-id=\"9b9f171\" data-element_type=\"widget\" data-widget_type=\"heading.default\">\n\t\t\t\t<div class=\"elementor-widget-container\">\n\t\t\t<h3 class=\"elementor-heading-title elementor-size-default\">\u2018Vooral eenpersoons- en eenouderhuishoudens hebben te maken met energiearmoede'<\/h3>\t\t<\/div>\n\t\t\t\t<\/div>\n\t\t\t\t<div class=\"elementor-element elementor-element-d25818b elementor-widget elementor-widget-text-editor\" data-id=\"d25818b\" data-element_type=\"widget\" data-widget_type=\"text-editor.default\">\n\t\t\t\t<div class=\"elementor-widget-container\">\n\t\t\t\t\t\t\t<p><strong>Grootschalig onderzoek<\/strong><\/p><p>\u201cTNO heeft van verschillende ministeries subsidie gekregen voor een grootschalig onderzoek naar de effectiviteit van energiearmoedebeleid en -uitvoering. Onze onderzoeksvragen zijn: wat zijn de effecten van renovatie, gedragsinterventies en de zogeheten witgoedregeling op de verschillende facetten die relateren aan energiearmoede? Zijn er verschillen in effectiviteit? En voor wie werken welke beleidsinterventies meer of minder goed?\u201d<\/p><p><strong>Kwantitatief en kwalitatief<\/strong><\/p><p>\u201cOns driejarig onderzoek bestaat uit een kwantitatief deel: een vragenlijst aan huishoudens die in energiearmoede leven over onder andere hun wooncomfort, financi\u00eble stress en kennis en bewustzijn over duurzaamheid. We analyseren daarnaast de cijfers van het CBS over de drie energiearmoede-indicatoren, inkomen, schulden en energie- en gasverbruik van deze huishoudens. En ten slotte voeren we een kwalitatief onderzoek uit van vijf tot tien interviews per steunmaatregel.\u201d<\/p><p><strong>Steunmaatregelen<\/strong><\/p><p>\u201cUiteraard meten we wat de effecten zijn v\u00f3\u00f3r en n\u00e1 de steunmaatregel en het liefst ook een jaar later. Sommige effecten zullen gelijk merkbaar zijn, andere duren waarschijnlijk langer. Zo\u2019n onderzoek kun je niet alleen doen. We hebben meerdere partijen met wie we samenwerken, bijvoorbeeld met energiecoaches. We meten wat de effecten zijn van hun aanpak. Deze kunnen namelijk behoorlijk uiteenlopen, van het aanbiedeen van een besparingsapp tot het aanbrengen van kleine energiebesparende maatregelen in de woning. Daarnaast zijn we in gesprek met de woningcorporaties Vestia, Ymere en ZOwonen. We willen graag de effecten meten van grote renovatieprojecten, en het verschil zien met woningen die niet zijn gerenoveerd.\u201d<\/p><p><strong>Positief effect<\/strong><\/p><p>\u201cOnze verwachting is dat de steunmaatregelen een positief effect hebben. Denk aan het verbeteren van het wooncomfort en de fysieke en mentale gezondheid van mensen en het reduceren van energieverbruik en financi\u00eble stress. We houden u op de hoogte.\u201d<\/p>\t\t\t\t\t\t<\/div>\n\t\t\t\t<\/div>\n\t\t\t\t\t<\/div>\n\t\t<\/div>\n\t\t\t\t\t\t\t<\/div>\n\t\t<\/section>\n\t\t\t\t<section class=\"elementor-section elementor-top-section elementor-element elementor-element-7e6b293 elementor-section-boxed elementor-section-height-default elementor-section-height-default\" data-id=\"7e6b293\" data-element_type=\"section\">\n\t\t\t\t\t\t<div class=\"elementor-container elementor-column-gap-default\">\n\t\t\t\t\t<div class=\"elementor-column elementor-col-50 elementor-top-column elementor-element elementor-element-0f28e17\" data-id=\"0f28e17\" data-element_type=\"column\" data-settings=\"{&quot;background_background&quot;:&quot;classic&quot;}\">\n\t\t\t<div class=\"elementor-widget-wrap elementor-element-populated\">\n\t\t\t\t\t\t\t\t<div class=\"elementor-element elementor-element-85858be elementor-widget elementor-widget-text-editor\" data-id=\"85858be\" data-element_type=\"widget\" data-widget_type=\"text-editor.default\">\n\t\t\t\t<div class=\"elementor-widget-container\">\n\t\t\t\t\t\t\t<p><strong><em>Arianne van der Wal<br \/><\/em><\/strong>TNO<\/p>\t\t\t\t\t\t<\/div>\n\t\t\t\t<\/div>\n\t\t\t\t\t<\/div>\n\t\t<\/div>\n\t\t\t\t<div class=\"elementor-column elementor-col-50 elementor-top-column elementor-element elementor-element-5f6ae9b\" data-id=\"5f6ae9b\" data-element_type=\"column\" data-settings=\"{&quot;background_background&quot;:&quot;classic&quot;}\">\n\t\t\t<div class=\"elementor-widget-wrap elementor-element-populated\">\n\t\t\t\t\t\t\t\t<div class=\"elementor-element elementor-element-e28505c elementor-widget elementor-widget-image\" data-id=\"e28505c\" data-element_type=\"widget\" data-widget_type=\"image.default\">\n\t\t\t\t<div class=\"elementor-widget-container\">\n\t\t\t\t\t\t\t\t\t\t\t\t\t\t\t<img loading=\"lazy\" decoding=\"async\" width=\"1200\" height=\"1200\" src=\"https:\/\/on-the-spot.nl\/energiedoeners\/wp-content\/uploads\/2022\/11\/Energiedoeners_Arianne_vander_Wal-1-2.jpg\" class=\"attachment-large size-large\" alt=\"\" srcset=\"https:\/\/on-the-spot.nl\/energiedoeners\/wp-content\/uploads\/2022\/11\/Energiedoeners_Arianne_vander_Wal-1-2.jpg 1200w, https:\/\/on-the-spot.nl\/energiedoeners\/wp-content\/uploads\/2022\/11\/Energiedoeners_Arianne_vander_Wal-1-2-768x768.jpg 768w\" sizes=\"auto, (max-width: 1200px) 100vw, 1200px\" \/>\t\t\t\t\t\t\t\t\t\t\t\t\t\t\t<\/div>\n\t\t\t\t<\/div>\n\t\t\t\t\t<\/div>\n\t\t<\/div>\n\t\t\t\t\t\t\t<\/div>\n\t\t<\/section>\n\t\t\t\t\t\t\t<\/div>\n\t\t","protected":false},"excerpt":{"rendered":"<p>Keynote spreker Arianne van der Wal, onderzoeker TNO \u2018Wat helpt mensen in energiearmoede nu echt?\u2019 TNO deed landelijk onderzoek naar energiearmoede, een thema dat speelt in steeds meer huishoudens. Daarnaast staat er nieuw, aanvullend onderzoek op stapel, naar de effectiviteit van beleid en uitvoering. Hieruit moet gaan blijken welke maatregelen mensen het beste helpen. Arianne [&hellip;]<\/p>\n","protected":false},"author":1,"featured_media":0,"parent":0,"menu_order":2,"comment_status":"closed","ping_status":"closed","template":"elementor_theme","meta":{"inline_featured_image":false,"footnotes":""},"class_list":["post-410","page","type-page","status-publish","hentry"],"_links":{"self":[{"href":"https:\/\/on-the-spot.nl\/energiedoeners\/wp-json\/wp\/v2\/pages\/410","targetHints":{"allow":["GET"]}}],"collection":[{"href":"https:\/\/on-the-spot.nl\/energiedoeners\/wp-json\/wp\/v2\/pages"}],"about":[{"href":"https:\/\/on-the-spot.nl\/energiedoeners\/wp-json\/wp\/v2\/types\/page"}],"author":[{"embeddable":true,"href":"https:\/\/on-the-spot.nl\/energiedoeners\/wp-json\/wp\/v2\/users\/1"}],"replies":[{"embeddable":true,"href":"https:\/\/on-the-spot.nl\/energiedoeners\/wp-json\/wp\/v2\/comments?post=410"}],"version-history":[{"count":118,"href":"https:\/\/on-the-spot.nl\/energiedoeners\/wp-json\/wp\/v2\/pages\/410\/revisions"}],"predecessor-version":[{"id":1425,"href":"https:\/\/on-the-spot.nl\/energiedoeners\/wp-json\/wp\/v2\/pages\/410\/revisions\/1425"}],"wp:attachment":[{"href":"https:\/\/on-the-spot.nl\/energiedoeners\/wp-json\/wp\/v2\/media?parent=410"}],"curies":[{"name":"wp","href":"https:\/\/api.w.org\/{rel}","templated":true}]}}