{"id":4726,"date":"2023-11-14T10:24:04","date_gmt":"2023-11-14T09:24:04","guid":{"rendered":"https:\/\/on-the-spot.nl\/gks2023\/?page_id=4726"},"modified":"2023-12-08T12:08:54","modified_gmt":"2023-12-08T11:08:54","slug":"cultureluurs","status":"publish","type":"page","link":"https:\/\/on-the-spot.nl\/gks2023\/cultureluurs\/","title":{"rendered":"Cultureluurs"},"content":{"rendered":"\t\t<div data-elementor-type=\"wp-page\" data-elementor-id=\"4726\" class=\"elementor elementor-4726\" data-elementor-post-type=\"page\">\n\t\t\t\t\t\t<section class=\"elementor-section elementor-top-section elementor-element elementor-element-44710b8 elementor-section-boxed elementor-section-height-default elementor-section-height-default\" data-id=\"44710b8\" data-element_type=\"section\" data-e-type=\"section\" data-settings=\"{&quot;background_background&quot;:&quot;gradient&quot;}\">\n\t\t\t\t\t\t<div class=\"elementor-container elementor-column-gap-default\">\n\t\t\t\t\t<div class=\"elementor-column elementor-col-50 elementor-top-column elementor-element elementor-element-892fb45\" data-id=\"892fb45\" data-element_type=\"column\" data-e-type=\"column\" data-settings=\"{&quot;background_background&quot;:&quot;classic&quot;}\">\n\t\t\t<div class=\"elementor-widget-wrap elementor-element-populated\">\n\t\t\t\t\t\t<div class=\"elementor-element elementor-element-943988b elementor-widget elementor-widget-image\" data-id=\"943988b\" data-element_type=\"widget\" data-e-type=\"widget\" data-widget_type=\"image.default\">\n\t\t\t\t<div class=\"elementor-widget-container\">\n\t\t\t\t\t\t\t\t\t\t\t\t\t\t\t<img decoding=\"async\" width=\"60\" height=\"60\" src=\"https:\/\/on-the-spot.nl\/gks2023\/wp-content\/uploads\/2023\/11\/culturen.svg\" class=\"attachment-large size-large wp-image-5209\" alt=\"\" \/>\t\t\t\t\t\t\t\t\t\t\t\t\t\t\t<\/div>\n\t\t\t\t<\/div>\n\t\t\t\t\t<\/div>\n\t\t<\/div>\n\t\t\t\t<div class=\"elementor-column elementor-col-50 elementor-top-column elementor-element elementor-element-3e9eba4\" data-id=\"3e9eba4\" data-element_type=\"column\" data-e-type=\"column\" data-settings=\"{&quot;background_background&quot;:&quot;classic&quot;}\">\n\t\t\t<div class=\"elementor-widget-wrap elementor-element-populated\">\n\t\t\t\t\t\t<div class=\"elementor-element elementor-element-15ec837 elementor-widget elementor-widget-heading\" data-id=\"15ec837\" data-element_type=\"widget\" data-e-type=\"widget\" data-widget_type=\"heading.default\">\n\t\t\t\t<div class=\"elementor-widget-container\">\n\t\t\t\t\t<h3 class=\"elementor-heading-title elementor-size-default\">Cultureluurs<\/h3>\t\t\t\t<\/div>\n\t\t\t\t<\/div>\n\t\t\t\t\t<\/div>\n\t\t<\/div>\n\t\t\t\t\t<\/div>\n\t\t<\/section>\n\t\t\t\t<section class=\"elementor-section elementor-top-section elementor-element elementor-element-071733d elementor-section-boxed elementor-section-height-default elementor-section-height-default\" data-id=\"071733d\" data-element_type=\"section\" data-e-type=\"section\">\n\t\t\t\t\t\t<div class=\"elementor-container elementor-column-gap-default\">\n\t\t\t\t\t<div class=\"elementor-column elementor-col-100 elementor-top-column elementor-element elementor-element-0e71cb2\" data-id=\"0e71cb2\" data-element_type=\"column\" data-e-type=\"column\" data-settings=\"{&quot;background_background&quot;:&quot;classic&quot;}\">\n\t\t\t<div class=\"elementor-widget-wrap elementor-element-populated\">\n\t\t\t\t\t\t<div class=\"elementor-element elementor-element-a5a9d4a elementor-widget elementor-widget-image\" data-id=\"a5a9d4a\" data-element_type=\"widget\" data-e-type=\"widget\" data-widget_type=\"image.default\">\n\t\t\t\t<div class=\"elementor-widget-container\">\n\t\t\t\t\t\t\t\t\t\t\t\t\t\t\t<img fetchpriority=\"high\" decoding=\"async\" width=\"1000\" height=\"554\" src=\"https:\/\/on-the-spot.nl\/gks2023\/wp-content\/uploads\/2023\/11\/PHOTO-2023-11-14-12-36-54.jpg\" class=\"attachment-large size-large wp-image-5205\" alt=\"\" srcset=\"https:\/\/on-the-spot.nl\/gks2023\/wp-content\/uploads\/2023\/11\/PHOTO-2023-11-14-12-36-54.jpg 1000w, https:\/\/on-the-spot.nl\/gks2023\/wp-content\/uploads\/2023\/11\/PHOTO-2023-11-14-12-36-54-768x425.jpg 768w\" sizes=\"(max-width: 1000px) 100vw, 1000px\" \/>\t\t\t\t\t\t\t\t\t\t\t\t\t\t\t<\/div>\n\t\t\t\t<\/div>\n\t\t\t\t<div class=\"elementor-element elementor-element-fcbd51e elementor-widget elementor-widget-heading\" data-id=\"fcbd51e\" data-element_type=\"widget\" data-e-type=\"widget\" data-widget_type=\"heading.default\">\n\t\t\t\t<div class=\"elementor-widget-container\">\n\t\t\t\t\t<h1 class=\"elementor-heading-title elementor-size-default\">Cultureluurs toont uitdagingen met het gezondheidssysteem<\/h1>\t\t\t\t<\/div>\n\t\t\t\t<\/div>\n\t\t\t\t<div class=\"elementor-element elementor-element-31bd9b8 elementor-widget elementor-widget-text-editor\" data-id=\"31bd9b8\" data-element_type=\"widget\" data-e-type=\"widget\" data-widget_type=\"text-editor.default\">\n\t\t\t\t<div class=\"elementor-widget-container\">\n\t\t\t\t\t\t\t\t\t<h3>De eerste 1000 dagen van een kind, 32 interviews, 9 professionals, 5 culturen en woorden die beschrijven hoe zorgprofessionals, nieuwkomers en migranten de samenwerking met elkaar hebben ervaren. Dat zijn de ingredi\u00ebnten voor Cultureluurs, een theatrale vertelling die in de Week van de Gezonde en Kansrijke Start in premi\u00e8re ging.<\/h3>\t\t\t\t\t\t\t\t<\/div>\n\t\t\t\t<\/div>\n\t\t\t\t\t<\/div>\n\t\t<\/div>\n\t\t\t\t\t<\/div>\n\t\t<\/section>\n\t\t\t\t<section class=\"elementor-section elementor-top-section elementor-element elementor-element-bd533a7 elementor-section-boxed elementor-section-height-default elementor-section-height-default\" data-id=\"bd533a7\" data-element_type=\"section\" data-e-type=\"section\">\n\t\t\t\t\t\t<div class=\"elementor-container elementor-column-gap-default\">\n\t\t\t\t\t<div class=\"elementor-column elementor-col-100 elementor-top-column elementor-element elementor-element-9ef8215\" data-id=\"9ef8215\" data-element_type=\"column\" data-e-type=\"column\" data-settings=\"{&quot;background_background&quot;:&quot;classic&quot;}\">\n\t\t\t<div class=\"elementor-widget-wrap elementor-element-populated\">\n\t\t\t\t\t\t<div class=\"elementor-element elementor-element-ac42568 elementor-widget elementor-widget-text-editor\" data-id=\"ac42568\" data-element_type=\"widget\" data-e-type=\"widget\" data-widget_type=\"text-editor.default\">\n\t\t\t\t<div class=\"elementor-widget-container\">\n\t\t\t\t\t\t\t\t\t<p>De vertelling Cultureluurs is gebaseerd op een onderzoek van Road of Hope in samenwerking met Somastel, Nisa for Nisa, Vrije Universiteit Amsterdam en de GGD Amsterdam. Op 8 november is de vertelling in premi\u00e8re gegaan tijdens de Week van de Gezonde en Kansrijke Start. In het onderzoek namen vrouwen uit Syri\u00eb, Eritrea, Somali\u00eb en Marokko de rol van interviewers op zich. Ze gingen in gesprek met andere vrouwen binnen hun respectievelijke gemeenschappen, met als doel de ervaringen van gezondheidszorgprofessionals, zwangere vrouwen en moeders op te halen. Het resultaat is een verhaal dat licht werpt op de uitdagingen van deze vrouwen met het gezondheidssysteem in Amsterdam.<br \/><br \/>Dani\u00eblle Kretz, programmamanager Gezonde en Kansrijke Start was bij de premi\u00e8re. \u201cIk vond het erg bijzonder om de opbrengst van het onderzoek te horen uit de mond van vier vrouwen uit de gemeenschappen zelf. In een theaterzaal waar je alleen mag kijken en luisteren, komen de ervaringen van vrouwen echt binnen bij het publiek dat bestond uit professionals\u201d.<\/p>\t\t\t\t\t\t\t\t<\/div>\n\t\t\t\t<\/div>\n\t\t\t\t\t<\/div>\n\t\t<\/div>\n\t\t\t\t\t<\/div>\n\t\t<\/section>\n\t\t\t\t<section class=\"elementor-section elementor-top-section elementor-element elementor-element-6a9db00 elementor-section-boxed elementor-section-height-default elementor-section-height-default\" data-id=\"6a9db00\" data-element_type=\"section\" data-e-type=\"section\">\n\t\t\t\t\t\t<div class=\"elementor-container elementor-column-gap-default\">\n\t\t\t\t\t<div class=\"elementor-column elementor-col-100 elementor-top-column elementor-element elementor-element-e15ef73\" data-id=\"e15ef73\" data-element_type=\"column\" data-e-type=\"column\">\n\t\t\t<div class=\"elementor-widget-wrap elementor-element-populated\">\n\t\t\t\t\t\t<div class=\"elementor-element elementor-element-7d1af23 elementor-widget elementor-widget-spacer\" data-id=\"7d1af23\" data-element_type=\"widget\" data-e-type=\"widget\" data-widget_type=\"spacer.default\">\n\t\t\t\t<div class=\"elementor-widget-container\">\n\t\t\t\t\t\t\t<div class=\"elementor-spacer\">\n\t\t\t<div class=\"elementor-spacer-inner\"><\/div>\n\t\t<\/div>\n\t\t\t\t\t\t<\/div>\n\t\t\t\t<\/div>\n\t\t\t\t\t<\/div>\n\t\t<\/div>\n\t\t\t\t\t<\/div>\n\t\t<\/section>\n\t\t\t\t<\/div>\n\t\t","protected":false},"excerpt":{"rendered":"<p>Cultureluurs Cultureluurs toont uitdagingen met het gezondheidssysteem De eerste 1000 dagen van een kind, 32 interviews, 9 professionals, 5 culturen en woorden die beschrijven hoe zorgprofessionals, nieuwkomers en migranten de samenwerking met elkaar hebben ervaren. Dat zijn de ingredi\u00ebnten voor Cultureluurs, een theatrale vertelling die in de Week van de Gezonde en Kansrijke Start in [&hellip;]<\/p>\n","protected":false},"author":1,"featured_media":0,"parent":0,"menu_order":140,"comment_status":"closed","ping_status":"closed","template":"elementor_header_footer","meta":{"inline_featured_image":false,"footnotes":""},"class_list":["post-4726","page","type-page","status-publish","hentry"],"_links":{"self":[{"href":"https:\/\/on-the-spot.nl\/gks2023\/wp-json\/wp\/v2\/pages\/4726","targetHints":{"allow":["GET"]}}],"collection":[{"href":"https:\/\/on-the-spot.nl\/gks2023\/wp-json\/wp\/v2\/pages"}],"about":[{"href":"https:\/\/on-the-spot.nl\/gks2023\/wp-json\/wp\/v2\/types\/page"}],"author":[{"embeddable":true,"href":"https:\/\/on-the-spot.nl\/gks2023\/wp-json\/wp\/v2\/users\/1"}],"replies":[{"embeddable":true,"href":"https:\/\/on-the-spot.nl\/gks2023\/wp-json\/wp\/v2\/comments?post=4726"}],"version-history":[{"count":22,"href":"https:\/\/on-the-spot.nl\/gks2023\/wp-json\/wp\/v2\/pages\/4726\/revisions"}],"predecessor-version":[{"id":5283,"href":"https:\/\/on-the-spot.nl\/gks2023\/wp-json\/wp\/v2\/pages\/4726\/revisions\/5283"}],"wp:attachment":[{"href":"https:\/\/on-the-spot.nl\/gks2023\/wp-json\/wp\/v2\/media?parent=4726"}],"curies":[{"name":"wp","href":"https:\/\/api.w.org\/{rel}","templated":true}]}}